{"id":198,"date":"2022-12-06T07:52:10","date_gmt":"2022-12-06T06:52:10","guid":{"rendered":"http:\/\/yktwnju.cluster031.hosting.ovh.net\/?page_id=198"},"modified":"2022-12-10T22:59:06","modified_gmt":"2022-12-10T21:59:06","slug":"ecole-saint-romain","status":"publish","type":"page","link":"https:\/\/www.apel-chartreux.fr\/index.php\/ecole-saint-romain\/","title":{"rendered":"Les Chartreux Saint-Romain"},"content":{"rendered":"\n<h2 class=\"wp-block-heading\">Informations g\u00e9n\u00e9rales<\/h2>\n\n\n\n<div class=\"wp-block-query is-layout-flow wp-block-query-is-layout-flow\"><ul class=\"wp-block-post-template is-layout-flow wp-block-post-template-is-layout-flow\"><li class=\"wp-block-post post-1323 post type-post status-publish format-standard hentry category-information-generale category-les-chartreux-saint-romain-toutes-les-ecoles tag-noel\">\n<h3 class=\"wp-block-post-title has-large-font-size\">No\u00ebl \u00e0 Saint Romain<\/h3>\n\n<div class=\"wp-block-post-date has-small-font-size\"><time datetime=\"2024-12-13T12:00:00+01:00\">13 d\u00e9cembre 2024<\/time><\/div>\n\n<div class=\"wp-block-post-excerpt has-small-font-size\"><p class=\"wp-block-post-excerpt__excerpt\">Le march\u00e9 de No\u00ebl Le traditionnel chocolat chaud du 8 d\u00e9cembre<\/p><p class=\"wp-block-post-excerpt__more-text\"><a class=\"wp-block-post-excerpt__more-link\" href=\"https:\/\/www.apel-chartreux.fr\/index.php\/2024\/12\/13\/noel-a-saint-romain\/\">Article complet<\/a><\/p><\/div>\n<\/li><li class=\"wp-block-post post-1245 post type-post status-publish format-standard has-post-thumbnail hentry category-information-generale category-les-chartreux-croix-rousse-toutes-les-ecoles category-les-chartreux-saint-charles-college category-les-chartreux-saint-joseph-toutes-les-ecoles category-les-chartreux-saint-romain-toutes-les-ecoles category-les-chartreux-sainte-blandine-toutes-les-ecoles category-les-chartreux-sainte-famille-toutes-les-ecoles tag-assemblee-generale-ordinaire tag-communication tag-croix-rousse tag-evenement tag-institution-des-chartreux\">\n<h3 class=\"wp-block-post-title has-large-font-size\">Assembl\u00e9e G\u00e9n\u00e9rale de l\u2019APEL mardi 1er octobre \u00e0 19h00<\/h3>\n\n<div class=\"wp-block-post-date has-small-font-size\"><time datetime=\"2024-09-18T09:31:08+02:00\">18 septembre 2024<\/time><\/div>\n\n<div class=\"wp-block-post-excerpt has-small-font-size\"><p class=\"wp-block-post-excerpt__excerpt\">Chers parents, Nous avons le plaisir de vous convier \u00e0&nbsp;l&rsquo;Assembl\u00e9e&nbsp;G\u00e9n\u00e9rale&nbsp;Ordinaire de&nbsp;l\u2019Association des Parents d\u2019El\u00e8ves &#8211; APEL DES CHARTREUX,&nbsp;qui se tiendra le&nbsp;: Mardi 01er&nbsp;octobre 2024 \u00e0 19H00 Campus Sup Alta Sacr\u00e9-C\u0153ur des Chartreux 38 rue Pierre Dupont \u2013 Lyon 1er&nbsp; (Parking voiture sur la cour des primaires impasse des Chartreux) Ordre du jour&nbsp;: Cette assembl\u00e9e sera<\/p><p class=\"wp-block-post-excerpt__more-text\"><a class=\"wp-block-post-excerpt__more-link\" href=\"https:\/\/www.apel-chartreux.fr\/index.php\/2024\/09\/18\/assemblee-generale-de-lapel-mardi-1er-octobre-a-19h00\/\">Article complet<\/a><\/p><\/div>\n<\/li><li class=\"wp-block-post post-465 post type-post status-publish format-standard has-post-thumbnail hentry category-les-chartreux-saint-romain-toutes-les-ecoles tag-ecole tag-evenement tag-noel tag-saint-romain\">\n<h3 class=\"wp-block-post-title has-large-font-size\">Un No\u00ebl solidaire \u00e0 l&rsquo;\u00e9cole de Saint Romain<\/h3>\n\n<div class=\"wp-block-post-date has-small-font-size\"><time datetime=\"2022-12-04T10:00:00+01:00\">4 d\u00e9cembre 2022<\/time><\/div>\n\n<div class=\"wp-block-post-excerpt has-small-font-size\"><p class=\"wp-block-post-excerpt__excerpt\">Merci aux parents de l&rsquo;APEL Chartreux de l\u2019\u00e9cole Saint Romain pour ces initiatives solidaires qui prennent tout leur sens durant l\u2019Avent!<\/p><p class=\"wp-block-post-excerpt__more-text\"><a class=\"wp-block-post-excerpt__more-link\" href=\"https:\/\/www.apel-chartreux.fr\/index.php\/2022\/12\/04\/un-noel-solidaire-a-lecole-de-saint-romain\/\">Article complet<\/a><\/p><\/div>\n<\/li><\/ul>\n\n\n\n<\/div>\n\n\n\n<h2 class=\"wp-block-heading\">Informations compl\u00e9mentaires<\/h2>\n\n\n\n<h3 class=\"wp-block-heading\">Vos contacts<\/h3>\n\n\n\n<p><a href=\".\/vos-contacts#Commission-Saint-Romain-Ecole\" data-type=\"URL\" data-id=\"vos-contacts#Commission-Croix-Rousse-Ecole\" target=\"_blank\" rel=\"noreferrer noopener\">#Commission-Saint-Romain-Ecole<\/a><\/p>\n\n\n\n<h3 class=\"wp-block-heading\">Le site de l&rsquo;institution<\/h3>\n\n\n\n<p><a href=\"https:\/\/www.leschartreux.com\/nos-ecoles\/chartreux-saint-romain\">https:\/\/www.leschartreux.com\/nos-ecoles\/chartreux-saint-romain<\/a><\/p>\n\n\n\n<div style=\"height:50px\" aria-hidden=\"true\" class=\"wp-block-spacer\"><\/div>\n","protected":false},"excerpt":{"rendered":"<p>Informations g\u00e9n\u00e9rales Informations compl\u00e9mentaires Vos contacts #Commission-Saint-Romain-Ecole Le site de l&rsquo;institution https:\/\/www.leschartreux.com\/nos-ecoles\/chartreux-saint-romain<\/p>\n","protected":false},"author":1,"featured_media":279,"parent":0,"menu_order":0,"comment_status":"closed","ping_status":"closed","template":"","meta":{"footnotes":""},"class_list":["post-198","page","type-page","status-publish","has-post-thumbnail","hentry"],"_links":{"self":[{"href":"https:\/\/www.apel-chartreux.fr\/index.php\/wp-json\/wp\/v2\/pages\/198","targetHints":{"allow":["GET"]}}],"collection":[{"href":"https:\/\/www.apel-chartreux.fr\/index.php\/wp-json\/wp\/v2\/pages"}],"about":[{"href":"https:\/\/www.apel-chartreux.fr\/index.php\/wp-json\/wp\/v2\/types\/page"}],"author":[{"embeddable":true,"href":"https:\/\/www.apel-chartreux.fr\/index.php\/wp-json\/wp\/v2\/users\/1"}],"replies":[{"embeddable":true,"href":"https:\/\/www.apel-chartreux.fr\/index.php\/wp-json\/wp\/v2\/comments?post=198"}],"version-history":[{"count":9,"href":"https:\/\/www.apel-chartreux.fr\/index.php\/wp-json\/wp\/v2\/pages\/198\/revisions"}],"predecessor-version":[{"id":572,"href":"https:\/\/www.apel-chartreux.fr\/index.php\/wp-json\/wp\/v2\/pages\/198\/revisions\/572"}],"wp:featuredmedia":[{"embeddable":true,"href":"https:\/\/www.apel-chartreux.fr\/index.php\/wp-json\/wp\/v2\/media\/279"}],"wp:attachment":[{"href":"https:\/\/www.apel-chartreux.fr\/index.php\/wp-json\/wp\/v2\/media?parent=198"}],"curies":[{"name":"wp","href":"https:\/\/api.w.org\/{rel}","templated":true}]}}