{"id":20,"date":"2022-12-03T19:59:50","date_gmt":"2022-12-03T18:59:50","guid":{"rendered":"http:\/\/yktwnju.cluster031.hosting.ovh.net\/?page_id=20"},"modified":"2023-03-28T21:41:36","modified_gmt":"2023-03-28T19:41:36","slug":"bureau-de-documentation-et-dinformation","status":"publish","type":"page","link":"https:\/\/www.apel-chartreux.fr\/index.php\/bureau-de-documentation-et-dinformation\/","title":{"rendered":"Orientation &#8211; BDI"},"content":{"rendered":"\n<p>Cette commission donne acc\u00e8s \u00e0&nbsp;une documentation sur toutes les fili\u00e8res d\u2019\u00e9tudes, les m\u00e9tiers. <br>Les parents de ce groupe accompagnent les jeunes dans leurs recherches et leur r\u00e9flexion sur leur orientation.  <\/p>\n\n\n\n<p><strong>Les \u00e9l\u00e8ves peuvent \u00e9galement solliciter un&nbsp;rendez-vous&nbsp;en envoyant un mail \u00e0&nbsp;<a rel=\"noreferrer noopener\" href=\"mailto:bdi@passy-buzenval.com\" target=\"_blank\">bdi@<\/a>apel-chartreux.fr<\/strong><\/p>\n\n\n\n<p>Cr\u00e9\u00e9 et organis\u00e9 par l&rsquo;APEL des Chartreux, le BDI est un lieu d&rsquo;\u00e9coute et d&rsquo;aide \u00e0 l&rsquo;information \/ documentation pour permettre aux \u00e9l\u00e8ves d&rsquo;\u00e9laborer leur avenir post-bac, le BDI intervient en appui des professeurs, des familles, et des autres acteurs ext\u00e9rieurs.<\/p>\n\n\n\n<div class=\"wp-block-columns is-layout-flex wp-container-core-columns-is-layout-28f84493 wp-block-columns-is-layout-flex\">\n<div class=\"wp-block-column is-layout-flow wp-block-column-is-layout-flow\">\n<p>Bien conna\u00eetre pour bien choisir<\/p>\n\n\n\n<ul class=\"wp-block-list\">\n<li>un local d\u00e9di\u00e9,<\/li>\n\n\n\n<li>de nombreux livres, guides, dossiers \u00e0 th\u00e8me, revues, quizz, plaquettes d&rsquo;\u00e9cole&#8230;,<\/li>\n\n\n\n<li>acc\u00e8s \u00e0 la base de donn\u00e9es du CIDJ, aux sites sp\u00e9cialis\u00e9s dans l&rsquo;orientation (Onisep, l&rsquo;Etudiant, Studyrama&#8230;); acc\u00e8s aux sites internet des \u00e9coles,<\/li>\n\n\n\n<li>\u200bdisponibilit\u00e9 de parents b\u00e9n\u00e9voles qui constituent l&rsquo;\u00e9quipe du BDI.<\/li>\n<\/ul>\n<\/div>\n\n\n\n<div class=\"wp-block-column is-layout-flow wp-block-column-is-layout-flow\">\n<p>Les actions<\/p>\n\n\n\n<ul class=\"wp-block-list\">\n<li>pr\u00e9sentation g\u00e9n\u00e9rale ou th\u00e9matiques des fili\u00e8res d&rsquo;\u00e9tudes aux classes sur demande des professeurs principaux,<\/li>\n\n\n\n<li>accueil des \u00e9l\u00e8ves qui souhaitent approfondir leur recherche,lors de permanences hebdomadaires,<\/li>\n\n\n\n<li>accueil individualis\u00e9 sur rendez-vous pour favoriser le questionnement de l&rsquo;\u00e9l\u00e8ve sur son projet et\/ou explorer les fili\u00e8res d&rsquo;\u00e9tude (accompagnement familial possible),<\/li>\n\n\n\n<li>participation \u00e0 la soir\u00e9e carri\u00e8res,&nbsp;<\/li>\n\n\n\n<li>veille informatique et affichage (date des salons, conf\u00e9rences, portes ouvertes, manifestations&#8230;).<\/li>\n<\/ul>\n<\/div>\n<\/div>\n\n\n\n<p>Le BDI fonctionne uniquement avec des parents volontaires pour accompagner les enfants dans leur r\u00e9flexion sur leurs projets d&rsquo;\u00e9tudes ou de profession.<\/p>\n\n\n\n<p>Nous vous sollicitons pour participer \u00e0 cet accompagnement, en \u00e9tant :<\/p>\n\n\n\n<ul class=\"wp-block-list\">\n<li><strong>PARENT RESSOURCE<\/strong>&nbsp;: possibilit\u00e9 d&rsquo;intervenir au BDI ou d&rsquo;accepter de r\u00e9pondre \u00e0 des questions d&rsquo;\u00e9l\u00e8ves sur votre profession<\/li>\n\n\n\n<li><strong>PARENT ACCUEILLANT<\/strong>&nbsp;: possibilit\u00e9 de recevoir dans votre structure, entreprise, des \u00e9l\u00e8ves pour leur stage de fin de Seconde<\/li>\n\n\n\n<li><strong>PARENT AIDANT<\/strong>&nbsp;: possibilit\u00e9 d&rsquo;accorder du temps au BDI lors des permanences, des pr\u00e9sentations&#8230;<\/li>\n\n\n\n<li><strong>ENFANT ETUDIANT&nbsp;<\/strong>: possibilit\u00e9 pour un de vos enfants \u00e9tudiants de venir parler de ses \u00e9tudes, de son cursus.<\/li>\n<\/ul>\n\n\n\n<div style=\"height:28px\" aria-hidden=\"true\" class=\"wp-block-spacer\"><\/div>\n\n\n\n<h2 class=\"wp-block-heading\">Les informations de la commission<\/h2>\n\n\n\n<div class=\"wp-block-query is-layout-flow wp-block-query-is-layout-flow\"><ul class=\"wp-block-post-template is-layout-flow wp-block-post-template-is-layout-flow\"><li class=\"wp-block-post post-1212 post type-post status-publish format-standard has-post-thumbnail hentry category-conferences category-information-generale category-les-chartreux-croix-rousse-lycee category-bdi category-soirees-carriere tag-apel tag-croix-rousse tag-evenement tag-institution-des-chartreux\">\n<h3 class=\"wp-block-post-title has-large-font-size\"><a href=\"https:\/\/www.apel-chartreux.fr\/index.php\/2023\/12\/03\/retour-en-images-sur-la-soiree-carrieres-du-mardi-28-novembre-2023-organisee-en-collaboration-avec-linstitution\/\" target=\"_self\" >Retour en images sur la Soir\u00e9e Carri\u00e8res du mardi 28 novembre 2023 organis\u00e9e en collaboration avec l\u2019Institution<\/a><\/h3>\n\n<div class=\"wp-block-post-excerpt has-small-font-size\"><p class=\"wp-block-post-excerpt__excerpt\">Nos \u00e9quipes de l\u2019APEL \u00e9taient pr\u00e9sentes pour co- organiser la soir\u00e9e et accueillir les exposants, les alumni, les parents et les \u00e9l\u00e8ves. Plus de 90 exposants \u00e9taient pr\u00e9sents et deux conf\u00e9rences&nbsp;&nbsp;ont \u00e9t\u00e9 propos\u00e9es (Sciences Po et classes pr\u00e9paratoires)! L\u2019APEL Orientation-BDI \u00e9tait pr\u00e9sente en salle Hyvrier pour conseiller et orienter les \u00e9l\u00e8ves d\u00e8s la classe de<\/p><p class=\"wp-block-post-excerpt__more-text\"><a class=\"wp-block-post-excerpt__more-link\" href=\"https:\/\/www.apel-chartreux.fr\/index.php\/2023\/12\/03\/retour-en-images-sur-la-soiree-carrieres-du-mardi-28-novembre-2023-organisee-en-collaboration-avec-linstitution\/\">Article complet<\/a><\/p><\/div>\n<\/li><li class=\"wp-block-post post-505 post type-post status-publish format-standard has-post-thumbnail hentry category-bdi tag-bdi tag-institution-des-chartreux tag-orientation tag-parcoursup\">\n<h3 class=\"wp-block-post-title has-large-font-size\"><a href=\"https:\/\/www.apel-chartreux.fr\/index.php\/2023\/01\/15\/actualites-et-rendez-vous-orientation\/\" target=\"_self\" >Actualit\u00e9s et\u00a0Rendez-Vous Orientation<\/a><\/h3>\n\n<div class=\"wp-block-post-excerpt has-small-font-size\"><p class=\"wp-block-post-excerpt__excerpt\">Au lyc\u00e9e, et plus particuli\u00e8rement pour les \u00e9l\u00e8ves de terminale, les questions d\u2019orientation sont nombreuses. Il est difficile de trouver les bonnes informations. Le BDI vous informe et vous guide dans vos recherches. N&rsquo;h\u00e9sitez pas \u00e0 nous demander un rendez-vous ou \u00e0 piochez dans les informations que nous mettons \u00e0 votre disposition.<\/p><p class=\"wp-block-post-excerpt__more-text\"><a class=\"wp-block-post-excerpt__more-link\" href=\"https:\/\/www.apel-chartreux.fr\/index.php\/2023\/01\/15\/actualites-et-rendez-vous-orientation\/\">Article complet<\/a><\/p><\/div>\n<\/li><\/ul><\/div>\n\n\n\n<div style=\"height:100px\" aria-hidden=\"true\" class=\"wp-block-spacer\"><\/div>\n","protected":false},"excerpt":{"rendered":"<p>Cette commission donne acc\u00e8s \u00e0&nbsp;une documentation sur toutes les fili\u00e8res d\u2019\u00e9tudes, les m\u00e9tiers. Les parents de ce groupe accompagnent les jeunes dans leurs recherches et leur r\u00e9flexion sur leur orientation. Les \u00e9l\u00e8ves peuvent \u00e9galement solliciter un&nbsp;rendez-vous&nbsp;en envoyant un mail \u00e0&nbsp;bdi@apel-chartreux.fr Cr\u00e9\u00e9 et organis\u00e9 par l&rsquo;APEL des Chartreux, le BDI est un lieu d&rsquo;\u00e9coute et d&rsquo;aide [&hellip;]<\/p>\n","protected":false},"author":3,"featured_media":791,"parent":0,"menu_order":0,"comment_status":"closed","ping_status":"closed","template":"","meta":{"footnotes":""},"class_list":["post-20","page","type-page","status-publish","has-post-thumbnail","hentry"],"_links":{"self":[{"href":"https:\/\/www.apel-chartreux.fr\/index.php\/wp-json\/wp\/v2\/pages\/20","targetHints":{"allow":["GET"]}}],"collection":[{"href":"https:\/\/www.apel-chartreux.fr\/index.php\/wp-json\/wp\/v2\/pages"}],"about":[{"href":"https:\/\/www.apel-chartreux.fr\/index.php\/wp-json\/wp\/v2\/types\/page"}],"author":[{"embeddable":true,"href":"https:\/\/www.apel-chartreux.fr\/index.php\/wp-json\/wp\/v2\/users\/3"}],"replies":[{"embeddable":true,"href":"https:\/\/www.apel-chartreux.fr\/index.php\/wp-json\/wp\/v2\/comments?post=20"}],"version-history":[{"count":21,"href":"https:\/\/www.apel-chartreux.fr\/index.php\/wp-json\/wp\/v2\/pages\/20\/revisions"}],"predecessor-version":[{"id":917,"href":"https:\/\/www.apel-chartreux.fr\/index.php\/wp-json\/wp\/v2\/pages\/20\/revisions\/917"}],"wp:featuredmedia":[{"embeddable":true,"href":"https:\/\/www.apel-chartreux.fr\/index.php\/wp-json\/wp\/v2\/media\/791"}],"wp:attachment":[{"href":"https:\/\/www.apel-chartreux.fr\/index.php\/wp-json\/wp\/v2\/media?parent=20"}],"curies":[{"name":"wp","href":"https:\/\/api.w.org\/{rel}","templated":true}]}}