{"id":207,"date":"2022-12-06T07:55:05","date_gmt":"2022-12-06T06:55:05","guid":{"rendered":"http:\/\/yktwnju.cluster031.hosting.ovh.net\/?page_id=207"},"modified":"2023-01-14T23:16:32","modified_gmt":"2023-01-14T22:16:32","slug":"les-chartreux-croix-rousse","status":"publish","type":"page","link":"https:\/\/www.apel-chartreux.fr\/index.php\/les-chartreux-croix-rousse\/","title":{"rendered":"Les Chartreux Croix-Rousse"},"content":{"rendered":"\n<h2 class=\"wp-block-heading\">Informations g\u00e9n\u00e9rales<\/h2>\n\n\n\n<div class=\"wp-block-query is-layout-flow wp-block-query-is-layout-flow\"><ul class=\"wp-block-post-template is-layout-flow wp-block-post-template-is-layout-flow\"><li class=\"wp-block-post post-1315 post type-post status-publish format-standard hentry category-les-chartreux-croix-rousse-toutes-les-ecoles tag-noel\">\n<h3 class=\"wp-block-post-title has-large-font-size\">No\u00ebl \u00e0 Croix Rousse<\/h3>\n\n<div class=\"wp-block-post-date has-small-font-size\"><time datetime=\"2024-12-12T12:00:00+01:00\">12 d\u00e9cembre 2024<\/time><\/div>\n\n<div class=\"wp-block-post-excerpt has-small-font-size\"><p class=\"wp-block-post-excerpt__excerpt\">March\u00e9 de No\u00ebl Illuminations pour la f\u00eate de l&rsquo;Immacul\u00e9e Conception Traditionnel chocolat chaud du 8 d\u00e9cembre Festival du livre<\/p><p class=\"wp-block-post-excerpt__more-text\"><a class=\"wp-block-post-excerpt__more-link\" href=\"https:\/\/www.apel-chartreux.fr\/index.php\/2024\/12\/12\/noel-a-croix-rousse\/\">Article complet<\/a><\/p><\/div>\n<\/li><li class=\"wp-block-post post-1245 post type-post status-publish format-standard has-post-thumbnail hentry category-information-generale category-les-chartreux-croix-rousse-toutes-les-ecoles category-les-chartreux-saint-charles-college category-les-chartreux-saint-joseph-toutes-les-ecoles category-les-chartreux-saint-romain-toutes-les-ecoles category-les-chartreux-sainte-blandine-toutes-les-ecoles category-les-chartreux-sainte-famille-toutes-les-ecoles tag-assemblee-generale-ordinaire tag-communication tag-croix-rousse tag-evenement tag-institution-des-chartreux\">\n<h3 class=\"wp-block-post-title has-large-font-size\">Assembl\u00e9e G\u00e9n\u00e9rale de l\u2019APEL mardi 1er octobre \u00e0 19h00<\/h3>\n\n<div class=\"wp-block-post-date has-small-font-size\"><time datetime=\"2024-09-18T09:31:08+02:00\">18 septembre 2024<\/time><\/div>\n\n<div class=\"wp-block-post-excerpt has-small-font-size\"><p class=\"wp-block-post-excerpt__excerpt\">Chers parents, Nous avons le plaisir de vous convier \u00e0&nbsp;l&rsquo;Assembl\u00e9e&nbsp;G\u00e9n\u00e9rale&nbsp;Ordinaire de&nbsp;l\u2019Association des Parents d\u2019El\u00e8ves &#8211; APEL DES CHARTREUX,&nbsp;qui se tiendra le&nbsp;: Mardi 01er&nbsp;octobre 2024 \u00e0 19H00 Campus Sup Alta Sacr\u00e9-C\u0153ur des Chartreux 38 rue Pierre Dupont \u2013 Lyon 1er&nbsp; (Parking voiture sur la cour des primaires impasse des Chartreux) Ordre du jour&nbsp;: Cette assembl\u00e9e sera<\/p><p class=\"wp-block-post-excerpt__more-text\"><a class=\"wp-block-post-excerpt__more-link\" href=\"https:\/\/www.apel-chartreux.fr\/index.php\/2024\/09\/18\/assemblee-generale-de-lapel-mardi-1er-octobre-a-19h00\/\">Article complet<\/a><\/p><\/div>\n<\/li><li class=\"wp-block-post post-1241 post type-post status-publish format-standard has-post-thumbnail hentry category-les-chartreux-croix-rousse-toutes-les-ecoles tag-communication tag-croix-rousse tag-evenement tag-institution-des-chartreux\">\n<h3 class=\"wp-block-post-title has-large-font-size\">Le Festival Aux Arts! du 21 au 24 mai<\/h3>\n\n<div class=\"wp-block-post-date has-small-font-size\"><time datetime=\"2024-05-15T19:25:13+02:00\">15 mai 2024<\/time><\/div>\n\n<div class=\"wp-block-post-excerpt has-small-font-size\"><p class=\"wp-block-post-excerpt__excerpt\">Du 21 au 24 mai, les arts vivants s&rsquo;invitent aux Chartreux. Quatre soir\u00e9es autour de la danse, de la musique et du th\u00e9\u00e2tre \u00e0 partager en famille ! Vos enfants, \u00e9l\u00e8ves ou \u00e9tudiants de l&rsquo;Institution des Chartreux, b\u00e9n\u00e9ficient d&rsquo;une place gratuite par spectacle que vous pouvez r\u00e9server en adressant un mail \u00e0 :\u00a0communication@leschartreux.net. Venez partager<\/p><p class=\"wp-block-post-excerpt__more-text\"><a class=\"wp-block-post-excerpt__more-link\" href=\"https:\/\/www.apel-chartreux.fr\/index.php\/2024\/05\/15\/le-festival-aux-arts-du-21-au-24-mai\/\">Article complet<\/a><\/p><\/div>\n<\/li><\/ul>\n\n<nav class=\"wp-block-query-pagination is-layout-flex wp-block-query-pagination-is-layout-flex\" aria-label=\"Pagination\">\n\n\n<div class=\"wp-block-query-pagination-numbers\"><span aria-current=\"page\" class=\"page-numbers current\">1<\/span>\n<a class=\"page-numbers\" href=\"?query-5-page=2\">2<\/a>\n<a class=\"page-numbers\" href=\"?query-5-page=3\">3<\/a><\/div>\n\n<a href=\"\/index.php\/wp-json\/wp\/v2\/pages\/207?query-5-page=2\" class=\"wp-block-query-pagination-next\">Page suivante<\/a>\n<\/nav>\n\n<\/div>\n\n\n\n<h3 class=\"wp-block-heading\">Ecole maternelle<\/h3>\n\n\n\n<div class=\"wp-block-query is-layout-flow wp-block-query-is-layout-flow\"><ul class=\"wp-block-post-template has-small-font-size is-layout-flow wp-block-post-template-is-layout-flow\"><li class=\"wp-block-post post-408 post type-post status-publish format-standard has-post-thumbnail hentry category-les-chartreux-croix-rousse category-les-chartreux-croix-rousse-ecole-primaire tag-croix-rousse tag-ecole tag-evenement tag-noel\">\n<h4 class=\"wp-block-post-title has-large-font-size\">Le mois de d\u00e9cembre des \u00e9coles maternelle et primaire de Croix Rousse<\/h4>\n\n<div class=\"wp-block-post-date has-small-font-size\"><time datetime=\"2022-12-02T11:17:39+01:00\">2 d\u00e9cembre 2022<\/time><\/div>\n\n<div class=\"wp-block-post-excerpt has-small-font-size\"><p class=\"wp-block-post-excerpt__excerpt\">Les \u00e9coles primaire et maternelle des Chartreux Croix Rousse vous souhaitent de bonnes f\u00eates de fin d&rsquo;ann\u00e9e. Voici le calendrier des moments forts de No\u00ebl 2022. Merci aux parents de l&rsquo;APEL Chartreux pour leur engagement !<\/p><p class=\"wp-block-post-excerpt__more-text\"><a class=\"wp-block-post-excerpt__more-link\" href=\"https:\/\/www.apel-chartreux.fr\/index.php\/2022\/12\/02\/le-mois-de-decembre-des-ecoles-maternelle-et-primaire-de-croix-rousse\/\">Article complet<\/a><\/p><\/div>\n<\/li><\/ul>\n\n\n\n<\/div>\n\n\n\n<div class=\"wp-block-query is-layout-flow wp-block-query-is-layout-flow\"><\/div>\n\n\n\n<h3 class=\"wp-block-heading\">Ecole primaire<\/h3>\n\n\n\n<div class=\"wp-block-query is-layout-flow wp-block-query-is-layout-flow\"><ul class=\"wp-block-post-template is-layout-flow wp-block-post-template-is-layout-flow\"><li class=\"wp-block-post post-408 post type-post status-publish format-standard has-post-thumbnail hentry category-les-chartreux-croix-rousse category-les-chartreux-croix-rousse-ecole-primaire tag-croix-rousse tag-ecole tag-evenement tag-noel\">\n<h2 class=\"wp-block-post-title has-large-font-size\">Le mois de d\u00e9cembre des \u00e9coles maternelle et primaire de Croix Rousse<\/h2>\n\n<div class=\"wp-block-post-excerpt has-small-font-size\"><p class=\"wp-block-post-excerpt__excerpt\">Les \u00e9coles primaire et maternelle des Chartreux Croix Rousse vous souhaitent de bonnes f\u00eates de fin d&rsquo;ann\u00e9e. Voici le calendrier des moments forts de No\u00ebl 2022. Merci aux parents de l&rsquo;APEL Chartreux pour leur engagement !<\/p><p class=\"wp-block-post-excerpt__more-text\"><a class=\"wp-block-post-excerpt__more-link\" href=\"https:\/\/www.apel-chartreux.fr\/index.php\/2022\/12\/02\/le-mois-de-decembre-des-ecoles-maternelle-et-primaire-de-croix-rousse\/\">Article complet<\/a><\/p><\/div>\n<\/li><\/ul>\n\n\n\n<\/div>\n\n\n\n<h3 class=\"wp-block-heading\">Coll\u00e8ge<\/h3>\n\n\n\n<div class=\"wp-block-query is-layout-flow wp-block-query-is-layout-flow\">\n\n\n\n<div class=\"wp-block-query-no-results\">\n\n<p>Aucune information disponible;<\/p>\n\n<\/div><\/div>\n\n\n\n<h3 class=\"wp-block-heading\">Lyc\u00e9e<\/h3>\n\n\n\n<div class=\"wp-block-query is-layout-flow wp-block-query-is-layout-flow\"><ul class=\"wp-block-post-template is-layout-flow wp-block-post-template-is-layout-flow\"><li class=\"wp-block-post post-1212 post type-post status-publish format-standard has-post-thumbnail hentry category-conferences category-information-generale category-les-chartreux-croix-rousse-lycee category-bdi category-soirees-carriere tag-apel tag-croix-rousse tag-evenement tag-institution-des-chartreux\">\n<h3 class=\"wp-block-post-title has-large-font-size\">Retour en images sur la Soir\u00e9e Carri\u00e8res du mardi 28 novembre 2023 organis\u00e9e en collaboration avec l\u2019Institution<\/h3>\n\n<div class=\"wp-block-post-excerpt has-small-font-size\"><p class=\"wp-block-post-excerpt__excerpt\">Nos \u00e9quipes de l\u2019APEL \u00e9taient pr\u00e9sentes pour co- organiser la soir\u00e9e et accueillir les exposants, les alumni, les parents et les \u00e9l\u00e8ves. Plus de 90 exposants \u00e9taient pr\u00e9sents et deux conf\u00e9rences&nbsp;&nbsp;ont \u00e9t\u00e9 propos\u00e9es (Sciences Po et classes pr\u00e9paratoires)! L\u2019APEL Orientation-BDI \u00e9tait pr\u00e9sente en salle Hyvrier pour conseiller et orienter les \u00e9l\u00e8ves d\u00e8s la classe de<\/p><p class=\"wp-block-post-excerpt__more-text\"><a class=\"wp-block-post-excerpt__more-link\" href=\"https:\/\/www.apel-chartreux.fr\/index.php\/2023\/12\/03\/retour-en-images-sur-la-soiree-carrieres-du-mardi-28-novembre-2023-organisee-en-collaboration-avec-linstitution\/\">Article complet<\/a><\/p><\/div>\n<\/li><\/ul>\n\n\n\n<\/div>\n\n\n\n<h2 class=\"wp-block-heading\">Informations compl\u00e9mentaires<\/h2>\n\n\n\n<h3 class=\"wp-block-heading\">Vos contacts<\/h3>\n\n\n\n<p><a href=\".\/vos-contacts#Commission-Croix-Rousse-Ecole\" data-type=\"URL\" data-id=\"vos-contacts#Commission-Croix-Rousse-Ecole\" target=\"_blank\" rel=\"noreferrer noopener\">#Commission-Croix-Rousse-Ecole<\/a><\/p>\n\n\n\n<p><a href=\".\/vos-contacts#Commission-Croix-Rousse-College\" data-type=\"URL\" data-id=\".\/vos-contacts#Commission-Croix-Rousse-College\" target=\"_blank\" rel=\"noreferrer noopener\">#Commission-Croix-Rousse-College<\/a><\/p>\n\n\n\n<p><a href=\".\/vos-contacts#Commission-Croix-Rousse-Lycee\" data-type=\"URL\" data-id=\".\/vos-contacts#Commission-Croix-Rousse-Lycee\" target=\"_blank\" rel=\"noreferrer noopener\">#Commission-Croix-Rousse-Lycee<\/a><\/p>\n\n\n\n<h3 class=\"wp-block-heading\">Le site de l&rsquo;institution<\/h3>\n\n\n\n<p><a rel=\"noreferrer noopener\" href=\"https:\/\/www.leschartreux.com\/nos-ecoles\/chartreux-croix-rousse\" target=\"_blank\">https:\/\/www.leschartreux.com\/nos-ecoles\/chartreux-croix-rousse<\/a><\/p>\n\n\n\n<p><a href=\"https:\/\/www.leschartreux.com\/nos-colleges\/chartreux-croix-rousse\" target=\"_blank\" rel=\"noreferrer noopener\">https:\/\/www.leschartreux.com\/nos-colleges\/chartreux-croix-rousse<\/a><\/p>\n\n\n\n<p><a href=\"https:\/\/www.leschartreux.com\/notre-lycee\" target=\"_blank\" rel=\"noreferrer noopener\">https:\/\/www.leschartreux.com\/notre-lycee<\/a><\/p>\n\n\n\n<div style=\"height:50px\" aria-hidden=\"true\" class=\"wp-block-spacer\"><\/div>\n","protected":false},"excerpt":{"rendered":"<p>Informations g\u00e9n\u00e9rales Ecole maternelle Ecole primaire Coll\u00e8ge Lyc\u00e9e Informations compl\u00e9mentaires Vos contacts #Commission-Croix-Rousse-Ecole #Commission-Croix-Rousse-College #Commission-Croix-Rousse-Lycee Le site de l&rsquo;institution https:\/\/www.leschartreux.com\/nos-ecoles\/chartreux-croix-rousse https:\/\/www.leschartreux.com\/nos-colleges\/chartreux-croix-rousse https:\/\/www.leschartreux.com\/notre-lycee<\/p>\n","protected":false},"author":1,"featured_media":277,"parent":0,"menu_order":0,"comment_status":"closed","ping_status":"closed","template":"","meta":{"footnotes":""},"class_list":["post-207","page","type-page","status-publish","has-post-thumbnail","hentry"],"_links":{"self":[{"href":"https:\/\/www.apel-chartreux.fr\/index.php\/wp-json\/wp\/v2\/pages\/207","targetHints":{"allow":["GET"]}}],"collection":[{"href":"https:\/\/www.apel-chartreux.fr\/index.php\/wp-json\/wp\/v2\/pages"}],"about":[{"href":"https:\/\/www.apel-chartreux.fr\/index.php\/wp-json\/wp\/v2\/types\/page"}],"author":[{"embeddable":true,"href":"https:\/\/www.apel-chartreux.fr\/index.php\/wp-json\/wp\/v2\/users\/1"}],"replies":[{"embeddable":true,"href":"https:\/\/www.apel-chartreux.fr\/index.php\/wp-json\/wp\/v2\/comments?post=207"}],"version-history":[{"count":43,"href":"https:\/\/www.apel-chartreux.fr\/index.php\/wp-json\/wp\/v2\/pages\/207\/revisions"}],"predecessor-version":[{"id":727,"href":"https:\/\/www.apel-chartreux.fr\/index.php\/wp-json\/wp\/v2\/pages\/207\/revisions\/727"}],"wp:featuredmedia":[{"embeddable":true,"href":"https:\/\/www.apel-chartreux.fr\/index.php\/wp-json\/wp\/v2\/media\/277"}],"wp:attachment":[{"href":"https:\/\/www.apel-chartreux.fr\/index.php\/wp-json\/wp\/v2\/media?parent=207"}],"curies":[{"name":"wp","href":"https:\/\/api.w.org\/{rel}","templated":true}]}}