{"id":33,"date":"2022-12-03T17:03:29","date_gmt":"2022-12-03T16:03:29","guid":{"rendered":"http:\/\/yktwnju.cluster031.hosting.ovh.net\/?page_id=33"},"modified":"2025-10-14T09:35:03","modified_gmt":"2025-10-14T07:35:03","slug":"vos-contacts","status":"publish","type":"page","link":"https:\/\/www.apel-chartreux.fr\/index.php\/vos-contacts\/","title":{"rendered":"Vos contacts"},"content":{"rendered":"\n<h2 class=\"wp-block-heading\">Bureau<\/h2>\n\n\n\n<figure class=\"wp-block-table\"><table class=\"has-fixed-layout\"><tbody><tr><td>Pr\u00e9sidente&nbsp;<\/td><td>Virginie PEJOUT<\/td><td><a href=\"mailto:vpejout@apel-chartreux.fr\">vpejout@apel-chartreux.fr<\/a><\/td><td class=\"has-text-align-center\" data-align=\"center\"><img loading=\"lazy\" decoding=\"async\" width=\"100\" height=\"131\" class=\"wp-image-1300\" style=\"width: 100px;\" src=\"http:\/\/www.apel-chartreux.fr\/wp-content\/uploads\/2024\/11\/PHOTO-PRO-2025.jpg\" alt=\"\" srcset=\"https:\/\/www.apel-chartreux.fr\/wp-content\/uploads\/2024\/11\/PHOTO-PRO-2025.jpg 1273w, https:\/\/www.apel-chartreux.fr\/wp-content\/uploads\/2024\/11\/PHOTO-PRO-2025-382x500.jpg 382w, https:\/\/www.apel-chartreux.fr\/wp-content\/uploads\/2024\/11\/PHOTO-PRO-2025-765x1000.jpg 765w, https:\/\/www.apel-chartreux.fr\/wp-content\/uploads\/2024\/11\/PHOTO-PRO-2025-768x1004.jpg 768w, https:\/\/www.apel-chartreux.fr\/wp-content\/uploads\/2024\/11\/PHOTO-PRO-2025-1174x1536.jpg 1174w\" sizes=\"auto, (max-width: 100px) 100vw, 100px\" \/><\/td><\/tr><tr><td>Secr\u00e9taire g\u00e9n\u00e9rale<\/td><td>Sandra PIZZOCOLO<\/td><td><\/td><td class=\"has-text-align-center\" data-align=\"center\"><img loading=\"lazy\" decoding=\"async\" width=\"100\" height=\"133\" class=\"wp-image-1194\" style=\"width: 100px;\" src=\"http:\/\/www.apel-chartreux.fr\/wp-content\/uploads\/2023\/11\/6731c887-3d68-47e6-8c50-f572281b5282.jpg\" alt=\"\" srcset=\"https:\/\/www.apel-chartreux.fr\/wp-content\/uploads\/2023\/11\/6731c887-3d68-47e6-8c50-f572281b5282.jpg 750w, https:\/\/www.apel-chartreux.fr\/wp-content\/uploads\/2023\/11\/6731c887-3d68-47e6-8c50-f572281b5282-375x500.jpg 375w\" sizes=\"auto, (max-width: 100px) 100vw, 100px\" \/><\/td><\/tr><tr><td>Tr\u00e9sori\u00e8re<\/td><td>Claire COCHET<\/td><td> <a href=\"mailto:ccochet@apel-chartreux.fr\">ccochet@apel-chartreux.fr<\/a><\/td><td class=\"has-text-align-center\" data-align=\"center\"><img loading=\"lazy\" decoding=\"async\" width=\"100\" height=\"67\" class=\"wp-image-674\" style=\"width: 100px;\" src=\"http:\/\/www.apel-chartreux.fr\/wp-content\/uploads\/2023\/01\/Claire-COCHET.jpeg\" alt=\"\" srcset=\"https:\/\/www.apel-chartreux.fr\/wp-content\/uploads\/2023\/01\/Claire-COCHET.jpeg 640w, https:\/\/www.apel-chartreux.fr\/wp-content\/uploads\/2023\/01\/Claire-COCHET-300x200.jpeg 300w, https:\/\/www.apel-chartreux.fr\/wp-content\/uploads\/2023\/01\/Claire-COCHET-600x400.jpeg 600w, https:\/\/www.apel-chartreux.fr\/wp-content\/uploads\/2023\/01\/Claire-COCHET-200x133.jpeg 200w\" sizes=\"auto, (max-width: 100px) 100vw, 100px\" \/><\/td><\/tr><tr><td>Vice-Pr\u00e9sidente<\/td><td>Anne-Charlotte POULET<\/td><td><\/td><td class=\"has-text-align-center\" data-align=\"center\"><img loading=\"lazy\" decoding=\"async\" width=\"100\" height=\"123\" class=\"wp-image-670\" style=\"width: 100px;\" src=\"http:\/\/www.apel-chartreux.fr\/wp-content\/uploads\/2023\/01\/Anne-Charlotte-Menard-Poulet.png\" alt=\"\" srcset=\"https:\/\/www.apel-chartreux.fr\/wp-content\/uploads\/2023\/01\/Anne-Charlotte-Menard-Poulet.png 480w, https:\/\/www.apel-chartreux.fr\/wp-content\/uploads\/2023\/01\/Anne-Charlotte-Menard-Poulet-243x300.png 243w, https:\/\/www.apel-chartreux.fr\/wp-content\/uploads\/2023\/01\/Anne-Charlotte-Menard-Poulet-162x200.png 162w\" sizes=\"auto, (max-width: 100px) 100vw, 100px\" \/><\/td><\/tr><tr><td>Vice-Pr\u00e9sidente<\/td><td>Patricia DELSOL<\/td><td><\/td><td class=\"has-text-align-center\" data-align=\"center\"><img loading=\"lazy\" decoding=\"async\" width=\"100\" height=\"133\" class=\"wp-image-678\" style=\"width: 100px;\" src=\"http:\/\/www.apel-chartreux.fr\/wp-content\/uploads\/2023\/01\/Patricia-DELSOL-rotated.jpeg\" alt=\"\" srcset=\"https:\/\/www.apel-chartreux.fr\/wp-content\/uploads\/2023\/01\/Patricia-DELSOL-rotated.jpeg 480w, https:\/\/www.apel-chartreux.fr\/wp-content\/uploads\/2023\/01\/Patricia-DELSOL-225x300.jpeg 225w, https:\/\/www.apel-chartreux.fr\/wp-content\/uploads\/2023\/01\/Patricia-DELSOL-450x600.jpeg 450w, https:\/\/www.apel-chartreux.fr\/wp-content\/uploads\/2023\/01\/Patricia-DELSOL-150x200.jpeg 150w\" sizes=\"auto, (max-width: 100px) 100vw, 100px\" \/><\/td><\/tr><tr><td>Secr\u00e9taire g\u00e9n\u00e9rale adjointe<\/td><td>Delphine ROBINET<\/td><td><\/td><td class=\"has-text-align-center\" data-align=\"center\"><img loading=\"lazy\" decoding=\"async\" width=\"100\" height=\"113\" class=\"wp-image-1190\" style=\"width: 100px;\" src=\"http:\/\/www.apel-chartreux.fr\/wp-content\/uploads\/2023\/11\/746e647c-89c5-4f07-9c81-9582184209a5.jpg\" alt=\"\" srcset=\"https:\/\/www.apel-chartreux.fr\/wp-content\/uploads\/2023\/11\/746e647c-89c5-4f07-9c81-9582184209a5.jpg 757w, https:\/\/www.apel-chartreux.fr\/wp-content\/uploads\/2023\/11\/746e647c-89c5-4f07-9c81-9582184209a5-443x500.jpg 443w\" sizes=\"auto, (max-width: 100px) 100vw, 100px\" \/><\/td><\/tr><\/tbody><\/table><\/figure>\n\n\n\n<h2 class=\"wp-block-heading\">Commission Ecoles primaires &amp; maternelles<\/h2>\n\n\n\n<figure id=\"Commission-Saint-Romain-Ecole\" class=\"wp-block-table\"><table class=\"has-fixed-layout\"><tbody><tr><td>Ecole Saint-Romain<\/td><td>Sandra PIZZOCOLO<\/td><td><a href=\"mailto:saintromain@apel-chartreux.fr\">saintromain@apel-chartreux.fr<\/a><\/td><td class=\"has-text-align-center\" data-align=\"center\"><img loading=\"lazy\" decoding=\"async\" width=\"100\" height=\"133\" class=\"wp-image-1194\" style=\"width: 100px;\" src=\"http:\/\/www.apel-chartreux.fr\/wp-content\/uploads\/2023\/11\/6731c887-3d68-47e6-8c50-f572281b5282.jpg\" alt=\"\" srcset=\"https:\/\/www.apel-chartreux.fr\/wp-content\/uploads\/2023\/11\/6731c887-3d68-47e6-8c50-f572281b5282.jpg 750w, https:\/\/www.apel-chartreux.fr\/wp-content\/uploads\/2023\/11\/6731c887-3d68-47e6-8c50-f572281b5282-375x500.jpg 375w\" sizes=\"auto, (max-width: 100px) 100vw, 100px\" \/><\/td><\/tr><\/tbody><\/table><\/figure>\n\n\n\n<figure id=\"Commission-Saint-Joseph-Ecole\" class=\"wp-block-table\"><table class=\"has-fixed-layout\"><tbody><tr><td>Ecole Saint-Joseph<\/td><td>Charlotte DE MONGEX<\/td><td><a href=\"mailto:saintjoseph@apel-chartreux.fr\">saintjoseph@apel-chartreux.fr<\/a><\/td><td class=\"has-text-align-center\" data-align=\"center\"><\/td><\/tr><\/tbody><\/table><\/figure>\n\n\n\n<figure id=\"Commission-Sainte-Famille-Ecole\" class=\"wp-block-table\"><table class=\"has-fixed-layout\"><tbody><tr><td>Ecole Sainte-Famille<\/td><td>Philippe<br>BEAUDOIN<\/td><td><a href=\"mailto:saintefamille@apel-chartreux.fr\">saintefamille@apel-chartreux.fr<\/a><\/td><td class=\"has-text-align-center\" data-align=\"center\"><\/td><\/tr><\/tbody><\/table><\/figure>\n\n\n\n<figure class=\"wp-block-table aligncenter\" id=\"Commission-Sainte-Blandine-Ecole\"><table class=\"has-fixed-layout\"><tbody><tr><td>Ecole Sainte-Blandine<\/td><td>Marine<br>ABBOUD<\/td><td><a href=\"mailto:sainteblandine@apel-chartreux.fr\">sainteblandine@apel-chartreux.fr<\/a><\/td><td class=\"has-text-align-center\" data-align=\"center\"><img loading=\"lazy\" decoding=\"async\" width=\"100\" height=\"100\" class=\"wp-image-1291\" style=\"width: 100px;\" src=\"http:\/\/www.apel-chartreux.fr\/wp-content\/uploads\/2024\/11\/Marine-Abboud.jpg\" alt=\"\"><\/td><\/tr><\/tbody><\/table><\/figure>\n\n\n\n<div id=\"Commission-Croix-Rousse-Ecole\" class=\"wp-block-group is-vertical is-layout-flex wp-container-core-group-is-layout-fe9cc265 wp-block-group-is-layout-flex\">\n<figure class=\"wp-block-table alignwide\" id=\"Commission-Croix-Rousse-Ecole\"><table class=\"has-fixed-layout\"><tbody><tr><td>Ecoles Croix Rousse (Maternelle &amp; Primaire)<\/td><td>Ilham ZEGRAR<\/td><td><a href=\"mailto:primairecr@apel-chartreux.fr\">primairecr@apel-chartreux.fr<\/a><\/td><td class=\"has-text-align-center\" data-align=\"center\"><\/td><\/tr><\/tbody><\/table><\/figure>\n<\/div>\n\n\n\n<h2 class=\"wp-block-heading\">Autres commissions<\/h2>\n\n\n\n<figure class=\"wp-block-table\"><table class=\"has-fixed-layout\"><tbody><tr><td>Commission Accueil<\/td><td>Virginie<br>GUEZ<\/td><td><a href=\"mailto:accueil@apel-chartreux.fr\">accueil@apel-chartreux.fr<\/a><\/td><td class=\"has-text-align-center\" data-align=\"center\"><\/td><\/tr><tr><td>Commission Conf\u00e9rences<\/td><td>Anne-Charlotte POULET<\/td><td><a href=\"mailto:conferences@apel-chartreux.fr\">conferences@apel-chartreux.f<\/a>r<\/td><td class=\"has-text-align-center\" data-align=\"center\"><img loading=\"lazy\" decoding=\"async\" width=\"100\" height=\"123\" class=\"wp-image-670\" style=\"width: 100px;\" src=\"http:\/\/www.apel-chartreux.fr\/wp-content\/uploads\/2023\/01\/Anne-Charlotte-Menard-Poulet.png\" alt=\"\" srcset=\"https:\/\/www.apel-chartreux.fr\/wp-content\/uploads\/2023\/01\/Anne-Charlotte-Menard-Poulet.png 480w, https:\/\/www.apel-chartreux.fr\/wp-content\/uploads\/2023\/01\/Anne-Charlotte-Menard-Poulet-243x300.png 243w, https:\/\/www.apel-chartreux.fr\/wp-content\/uploads\/2023\/01\/Anne-Charlotte-Menard-Poulet-162x200.png 162w\" sizes=\"auto, (max-width: 100px) 100vw, 100px\" \/><\/td><\/tr><tr><td>Commission Biblioth\u00e8que<\/td><td>Catherine BARRE<\/td><td><a href=\"mailto:bibliotheque@apel-chartreux.fr\">bibliotheque@apel-chartreux.fr<\/a><\/td><td class=\"has-text-align-center\" data-align=\"center\"><img loading=\"lazy\" decoding=\"async\" width=\"100\" height=\"133\" class=\"wp-image-676\" style=\"width: 100px;\" src=\"http:\/\/www.apel-chartreux.fr\/wp-content\/uploads\/2023\/01\/Catherine-BARRE-rotated.jpeg\" alt=\"\" srcset=\"https:\/\/www.apel-chartreux.fr\/wp-content\/uploads\/2023\/01\/Catherine-BARRE-rotated.jpeg 480w, https:\/\/www.apel-chartreux.fr\/wp-content\/uploads\/2023\/01\/Catherine-BARRE-225x300.jpeg 225w, https:\/\/www.apel-chartreux.fr\/wp-content\/uploads\/2023\/01\/Catherine-BARRE-450x600.jpeg 450w, https:\/\/www.apel-chartreux.fr\/wp-content\/uploads\/2023\/01\/Catherine-BARRE-150x200.jpeg 150w\" sizes=\"auto, (max-width: 100px) 100vw, 100px\" \/><\/td><\/tr><tr><td>Commission Orientation \/ BDI<\/td><td>Fr\u00e9d\u00e9rique ALCAIX<\/td><td><a href=\"mailto:bdi@apel-chartreux.fr\">bdi@apel-chartreux.fr<\/a><\/td><td class=\"has-text-align-center\" data-align=\"center\"><img loading=\"lazy\" decoding=\"async\" width=\"100\" height=\"133\" class=\"wp-image-1184\" style=\"width: 100px;\" src=\"http:\/\/www.apel-chartreux.fr\/wp-content\/uploads\/2023\/11\/IMG_2438.jpg\" alt=\"\" srcset=\"https:\/\/www.apel-chartreux.fr\/wp-content\/uploads\/2023\/11\/IMG_2438.jpg 1512w, https:\/\/www.apel-chartreux.fr\/wp-content\/uploads\/2023\/11\/IMG_2438-375x500.jpg 375w, https:\/\/www.apel-chartreux.fr\/wp-content\/uploads\/2023\/11\/IMG_2438-750x1000.jpg 750w, https:\/\/www.apel-chartreux.fr\/wp-content\/uploads\/2023\/11\/IMG_2438-768x1024.jpg 768w, https:\/\/www.apel-chartreux.fr\/wp-content\/uploads\/2023\/11\/IMG_2438-1152x1536.jpg 1152w\" sizes=\"auto, (max-width: 100px) 100vw, 100px\" \/><\/td><\/tr><tr><td>Commission Restauration<\/td><td>Delphine ROBINET<\/td><td><a href=\"mailto:restauration@apel-chartreux.fr\">restauration@apel-chartreux.fr<\/a><\/td><td class=\"has-text-align-center\" data-align=\"center\"><img loading=\"lazy\" decoding=\"async\" width=\"100\" height=\"113\" class=\"wp-image-1190\" style=\"width: 100px;\" src=\"http:\/\/www.apel-chartreux.fr\/wp-content\/uploads\/2023\/11\/746e647c-89c5-4f07-9c81-9582184209a5.jpg\" alt=\"\" srcset=\"https:\/\/www.apel-chartreux.fr\/wp-content\/uploads\/2023\/11\/746e647c-89c5-4f07-9c81-9582184209a5.jpg 757w, https:\/\/www.apel-chartreux.fr\/wp-content\/uploads\/2023\/11\/746e647c-89c5-4f07-9c81-9582184209a5-443x500.jpg 443w\" sizes=\"auto, (max-width: 100px) 100vw, 100px\" \/><\/td><\/tr><tr><td>Commission Transport<\/td><td>Maude BRAC DE LA PERRIERE<\/td><td><a href=\"mailto:transport@apel-chartreux.fr\" data-type=\"page\" data-id=\"1127\">transport@apel-chartreux.fr<\/a><\/td><td class=\"has-text-align-center\" data-align=\"center\"><img loading=\"lazy\" decoding=\"async\" width=\"100\" height=\"96\" class=\"wp-image-689\" style=\"width: 100px;\" src=\"http:\/\/www.apel-chartreux.fr\/wp-content\/uploads\/2023\/01\/MDR.jpg\" alt=\"\" srcset=\"https:\/\/www.apel-chartreux.fr\/wp-content\/uploads\/2023\/01\/MDR.jpg 567w, https:\/\/www.apel-chartreux.fr\/wp-content\/uploads\/2023\/01\/MDR-300x287.jpg 300w, https:\/\/www.apel-chartreux.fr\/wp-content\/uploads\/2023\/01\/MDR-200x192.jpg 200w\" sizes=\"auto, (max-width: 100px) 100vw, 100px\" \/><\/td><\/tr><\/tbody><\/table><\/figure>\n\n\n\n<h2 class=\"wp-block-heading\">Coll\u00e8ge<\/h2>\n\n\n\n<figure id=\"Commission-Croix-Rousse-College\" class=\"wp-block-table\"><table class=\"has-fixed-layout\"><tbody><tr><td>Parent correspondant  Croix Rousse<\/td><td>Patricia DELSOL<\/td><td><a href=\"mailto:collegecr@apel-chartreux.fr\">collegecr@apel-chartreux.fr<\/a><\/td><td class=\"has-text-align-center\" data-align=\"center\"><img loading=\"lazy\" decoding=\"async\" width=\"100\" height=\"133\" class=\"wp-image-678\" style=\"width: 100px;\" src=\"http:\/\/www.apel-chartreux.fr\/wp-content\/uploads\/2023\/01\/Patricia-DELSOL-rotated.jpeg\" alt=\"\" srcset=\"https:\/\/www.apel-chartreux.fr\/wp-content\/uploads\/2023\/01\/Patricia-DELSOL-rotated.jpeg 480w, https:\/\/www.apel-chartreux.fr\/wp-content\/uploads\/2023\/01\/Patricia-DELSOL-225x300.jpeg 225w, https:\/\/www.apel-chartreux.fr\/wp-content\/uploads\/2023\/01\/Patricia-DELSOL-450x600.jpeg 450w, https:\/\/www.apel-chartreux.fr\/wp-content\/uploads\/2023\/01\/Patricia-DELSOL-150x200.jpeg 150w\" sizes=\"auto, (max-width: 100px) 100vw, 100px\" \/><\/td><\/tr><\/tbody><\/table><\/figure>\n\n\n\n<figure id=\"Commission-Saint-Charles-College\" class=\"wp-block-table\"><table class=\"has-fixed-layout\"><tbody><tr><td>Parent correspondant Saint Charles<\/td><td>Fr\u00e9d\u00e9rique ALCAIX<\/td><td><a href=\"mailto:collegesc@apel-chartreux.fr\">collegesc@apel-chartreux.fr<\/a><\/td><td class=\"has-text-align-center\" data-align=\"center\"><img loading=\"lazy\" decoding=\"async\" width=\"100\" height=\"133\" class=\"wp-image-1184\" style=\"width: 100px;\" src=\"http:\/\/www.apel-chartreux.fr\/wp-content\/uploads\/2023\/11\/IMG_2438.jpg\" alt=\"\" srcset=\"https:\/\/www.apel-chartreux.fr\/wp-content\/uploads\/2023\/11\/IMG_2438.jpg 1512w, https:\/\/www.apel-chartreux.fr\/wp-content\/uploads\/2023\/11\/IMG_2438-375x500.jpg 375w, https:\/\/www.apel-chartreux.fr\/wp-content\/uploads\/2023\/11\/IMG_2438-750x1000.jpg 750w, https:\/\/www.apel-chartreux.fr\/wp-content\/uploads\/2023\/11\/IMG_2438-768x1024.jpg 768w, https:\/\/www.apel-chartreux.fr\/wp-content\/uploads\/2023\/11\/IMG_2438-1152x1536.jpg 1152w\" sizes=\"auto, (max-width: 100px) 100vw, 100px\" \/><\/td><\/tr><\/tbody><\/table><\/figure>\n\n\n\n<figure class=\"wp-block-table\"><table class=\"has-fixed-layout\"><tbody><tr><td>Parent correspondant Sainte Famille<\/td><td>Philippe<br>BEAUDOIN<\/td><td><a href=\"mailto:collegesf@apel-chartreux.fr\">collegesf@apel-chartreux.fr<\/a><\/td><td class=\"has-text-align-center\" data-align=\"center\"><\/td><\/tr><\/tbody><\/table><\/figure>\n\n\n\n<h2 class=\"wp-block-heading\">Lyc\u00e9e<\/h2>\n\n\n\n<figure id=\"Commission-Croix-Rousse-Lycee\" class=\"wp-block-table\"><table class=\"has-fixed-layout\"><tbody><tr><td>Parent correspondant Croix Rousse<\/td><td>Amandine<br>D&rsquo;AUTRYVE DUFOUR<\/td><td><a href=\"mailto:lycee@apel-chartreux.fr\">lycee@apel-chartreux.fr<\/a><\/td><td class=\"has-text-align-center\" data-align=\"center\"><img loading=\"lazy\" decoding=\"async\" width=\"100\" height=\"123\" class=\"wp-image-1290\" style=\"width: 100px;\" src=\"http:\/\/www.apel-chartreux.fr\/wp-content\/uploads\/2024\/11\/A.-D-AUTRYVE-DUFOUR-photo.jpg\" alt=\"\" srcset=\"https:\/\/www.apel-chartreux.fr\/wp-content\/uploads\/2024\/11\/A.-D-AUTRYVE-DUFOUR-photo.jpg 869w, https:\/\/www.apel-chartreux.fr\/wp-content\/uploads\/2024\/11\/A.-D-AUTRYVE-DUFOUR-photo-405x500.jpg 405w, https:\/\/www.apel-chartreux.fr\/wp-content\/uploads\/2024\/11\/A.-D-AUTRYVE-DUFOUR-photo-811x1000.jpg 811w, https:\/\/www.apel-chartreux.fr\/wp-content\/uploads\/2024\/11\/A.-D-AUTRYVE-DUFOUR-photo-768x947.jpg 768w\" sizes=\"auto, (max-width: 100px) 100vw, 100px\" \/><\/td><\/tr><tr><td><br>Parent correspondant internat<br><\/td><td>Amandine<br>D&rsquo;AUTRYVE DUFOUR<\/td><td><a href=\"mailto:internat@apel-chartreux.fr\">internat@apel-chartreux.fr<\/a><\/td><td class=\"has-text-align-center\" data-align=\"center\"><\/td><\/tr><\/tbody><\/table><\/figure>\n\n\n\n<h2 class=\"wp-block-heading\">Post-Bac<\/h2>\n\n\n\n<figure class=\"wp-block-table\"><table class=\"has-fixed-layout\"><tbody><tr><td>Parent correspondant Post-Bac<\/td><td>Sophie LAURET<\/td><td><a href=\"mailto:postbac@apel-chartreux.fr\">postbac@apel-chartreux.fr<\/a><\/td><td class=\"has-text-align-center\" data-align=\"center\"><img loading=\"lazy\" decoding=\"async\" width=\"100\" height=\"107\" class=\"wp-image-1197\" style=\"width: 100px;\" src=\"http:\/\/www.apel-chartreux.fr\/wp-content\/uploads\/2023\/11\/image0.jpg\" alt=\"\" srcset=\"https:\/\/www.apel-chartreux.fr\/wp-content\/uploads\/2023\/11\/image0.jpg 934w, https:\/\/www.apel-chartreux.fr\/wp-content\/uploads\/2023\/11\/image0-467x500.jpg 467w, https:\/\/www.apel-chartreux.fr\/wp-content\/uploads\/2023\/11\/image0-768x823.jpg 768w\" sizes=\"auto, (max-width: 100px) 100vw, 100px\" \/><\/td><\/tr><\/tbody><\/table><\/figure>\n\n\n\n<div style=\"height:100px\" aria-hidden=\"true\" class=\"wp-block-spacer\"><\/div>\n","protected":false},"excerpt":{"rendered":"<p>Bureau Pr\u00e9sidente&nbsp; Virginie PEJOUT vpejout@apel-chartreux.fr Secr\u00e9taire g\u00e9n\u00e9rale Sandra PIZZOCOLO Tr\u00e9sori\u00e8re Claire COCHET ccochet@apel-chartreux.fr Vice-Pr\u00e9sidente Anne-Charlotte POULET Vice-Pr\u00e9sidente Patricia DELSOL Secr\u00e9taire g\u00e9n\u00e9rale adjointe Delphine ROBINET Commission Ecoles primaires &amp; maternelles Ecole Saint-Romain Sandra PIZZOCOLO saintromain@apel-chartreux.fr Ecole Saint-Joseph Charlotte DE MONGEX saintjoseph@apel-chartreux.fr Ecole Sainte-Famille PhilippeBEAUDOIN saintefamille@apel-chartreux.fr Ecole Sainte-Blandine MarineABBOUD sainteblandine@apel-chartreux.fr Ecoles Croix Rousse (Maternelle &amp; Primaire) Ilham [&hellip;]<\/p>\n","protected":false},"author":1,"featured_media":0,"parent":0,"menu_order":0,"comment_status":"closed","ping_status":"closed","template":"page-no-separators","meta":{"footnotes":""},"class_list":["post-33","page","type-page","status-publish","hentry"],"_links":{"self":[{"href":"https:\/\/www.apel-chartreux.fr\/index.php\/wp-json\/wp\/v2\/pages\/33","targetHints":{"allow":["GET"]}}],"collection":[{"href":"https:\/\/www.apel-chartreux.fr\/index.php\/wp-json\/wp\/v2\/pages"}],"about":[{"href":"https:\/\/www.apel-chartreux.fr\/index.php\/wp-json\/wp\/v2\/types\/page"}],"author":[{"embeddable":true,"href":"https:\/\/www.apel-chartreux.fr\/index.php\/wp-json\/wp\/v2\/users\/1"}],"replies":[{"embeddable":true,"href":"https:\/\/www.apel-chartreux.fr\/index.php\/wp-json\/wp\/v2\/comments?post=33"}],"version-history":[{"count":89,"href":"https:\/\/www.apel-chartreux.fr\/index.php\/wp-json\/wp\/v2\/pages\/33\/revisions"}],"predecessor-version":[{"id":1375,"href":"https:\/\/www.apel-chartreux.fr\/index.php\/wp-json\/wp\/v2\/pages\/33\/revisions\/1375"}],"wp:attachment":[{"href":"https:\/\/www.apel-chartreux.fr\/index.php\/wp-json\/wp\/v2\/media?parent=33"}],"curies":[{"name":"wp","href":"https:\/\/api.w.org\/{rel}","templated":true}]}}