{"id":511,"date":"2022-12-10T17:56:00","date_gmt":"2022-12-10T16:56:00","guid":{"rendered":"http:\/\/yktwnju.cluster031.hosting.ovh.net\/?page_id=511"},"modified":"2023-04-30T20:04:12","modified_gmt":"2023-04-30T18:04:12","slug":"les-chartreux-saint-charles","status":"publish","type":"page","link":"https:\/\/www.apel-chartreux.fr\/index.php\/les-chartreux-saint-charles\/","title":{"rendered":"Les Chartreux Saint-Charles"},"content":{"rendered":"\n<h2 class=\"wp-block-heading\">Les informations g\u00e9n\u00e9rales<\/h2>\n\n\n\n<div class=\"wp-block-query is-layout-flow wp-block-query-is-layout-flow\"><ul class=\"wp-block-post-template is-layout-flow wp-block-post-template-is-layout-flow\"><li class=\"wp-block-post post-1363 post type-post status-publish format-standard has-post-thumbnail hentry category-les-chartreux-saint-charles-toutes-les-ecoles category-restauration tag-restauration tag-saint-charles\">\n<h3 class=\"wp-block-post-title has-large-font-size\">Commission restauration du 08 avril 2024 \u00e0 Saint Charles<\/h3>\n\n<div class=\"wp-block-post-date has-small-font-size\"><time datetime=\"2025-04-17T15:45:00+02:00\">17 avril 2025<\/time><\/div>\n\n<div class=\"wp-block-post-excerpt has-small-font-size\"><p class=\"wp-block-post-excerpt__excerpt\">Points positifs Points \u00e0 am\u00e9liorer Remarques du personnel de restauration Le projet de r\u00e9novation de toute la cantine Une \u00e9tude de phasage et une validation budg\u00e9taire sont en cours pour refaire enti\u00e8rement le r\u00e9fectoire et la plonge\/production afin d&rsquo;augmenter la capacit\u00e9 de cuisson et le stockage avec chambre froide :<\/p><p class=\"wp-block-post-excerpt__more-text\"><a class=\"wp-block-post-excerpt__more-link\" href=\"https:\/\/www.apel-chartreux.fr\/index.php\/2025\/04\/17\/commission-restauration-du-08-avril-2024-a-saint-charles\/\">Article complet<\/a><\/p><\/div>\n<\/li><li class=\"wp-block-post post-871 post type-post status-publish format-standard hentry category-les-chartreux-saint-charles-toutes-les-ecoles category-restauration tag-commission-restauration tag-saint-charles\">\n<h3 class=\"wp-block-post-title has-large-font-size\">Commission restauration du 9 mai 2023 \u00e0 Saint Charles<\/h3>\n\n<div class=\"wp-block-post-date has-small-font-size\"><time datetime=\"2023-05-29T17:00:00+02:00\">29 mai 2023<\/time><\/div>\n\n<div class=\"wp-block-post-excerpt has-small-font-size\"><p class=\"wp-block-post-excerpt__excerpt\">Voici le compte rendu de la derni\u00e8re commission restauration du coll\u00e8ge de Saint Charles qui s&rsquo;est tenue le 9 mai 2023.<\/p><p class=\"wp-block-post-excerpt__more-text\"><a class=\"wp-block-post-excerpt__more-link\" href=\"https:\/\/www.apel-chartreux.fr\/index.php\/2023\/05\/29\/commission-restauration-du-9-mai-2023-a-saint-charles\/\">Article complet<\/a><\/p><\/div>\n<\/li><li class=\"wp-block-post post-766 post type-post status-publish format-standard hentry category-les-chartreux-saint-charles-toutes-les-ecoles category-restauration tag-commission-restauration\">\n<h3 class=\"wp-block-post-title has-large-font-size\">Commission restauration du 12 janvier 2023 \u00e0 Saint Charles<\/h3>\n\n<div class=\"wp-block-post-date has-small-font-size\"><time datetime=\"2023-02-01T12:31:00+01:00\">1 f\u00e9vrier 2023<\/time><\/div>\n\n<div class=\"wp-block-post-excerpt has-small-font-size\"><p class=\"wp-block-post-excerpt__excerpt\">Le 12 janvier 2023, la direction de la restauration, le directeur du coll\u00e8ge, le chef g\u00e9rant de la cantine, le repr\u00e9sentant du personnel OGEC, les repr\u00e9sentants des \u00e9l\u00e8ves de chaque niveau et les repr\u00e9sentants de l&rsquo;APEL restauration se sont r\u00e9unis pour faire le point sur la restauration \u00e0 Saint Charles.<\/p><p class=\"wp-block-post-excerpt__more-text\"><a class=\"wp-block-post-excerpt__more-link\" href=\"https:\/\/www.apel-chartreux.fr\/index.php\/2023\/02\/01\/commission-restauration-du-12-janvier-2023-a-saint-charles\/\">Article complet<\/a><\/p><\/div>\n<\/li><\/ul>\n\n\n\n<\/div>\n\n\n\n<div class=\"wp-block-query is-layout-flow wp-block-query-is-layout-flow\"><\/div>\n\n\n\n<h2 class=\"wp-block-heading\">Coll\u00e8ge<\/h2>\n\n\n\n<div class=\"wp-block-query is-layout-flow wp-block-query-is-layout-flow\"><ul class=\"wp-block-post-template is-layout-flow wp-block-post-template-is-layout-flow\"><li class=\"wp-block-post post-1289 post type-post status-publish format-standard has-post-thumbnail hentry category-les-chartreux-saint-charles-college tag-evenement tag-saint-charles\">\n<h3 class=\"wp-block-post-title has-large-font-size\">Deuxi\u00e8me \u00e9dition de la randonn\u00e9e des familles du coll\u00e8ge Les Chartreux Saint-Charles<\/h3>\n\n<div class=\"wp-block-post-date has-small-font-size\"><time datetime=\"2024-12-11T20:30:11+01:00\">11 d\u00e9cembre 2024<\/time><\/div>\n\n<div class=\"wp-block-post-excerpt has-small-font-size\"><p class=\"wp-block-post-excerpt__excerpt\">\u00ab\u00a0Ce dimanche 24 novembre 2024 s&rsquo;est tenue la 2\u00e8me \u00e9dition de la randonn\u00e9e des familles du coll\u00e8ge St Charles. Les 35 participants ont brav\u00e9 les rafales de vent qui balayaient le Mont Thou, pour partir \u00e0 la d\u00e9couverte des magnifiques sentiers de St Cyr Au Mont d&rsquo;Or et de ses cabornes. Discussions, marche et go\u00fbter<\/p><p class=\"wp-block-post-excerpt__more-text\"><a class=\"wp-block-post-excerpt__more-link\" href=\"https:\/\/www.apel-chartreux.fr\/index.php\/2024\/12\/11\/deuxieme-edition-de-la-randonnee-des-familles-du-college-les-chartreux-saint-charles\/\">Article complet<\/a><\/p><\/div>\n<\/li><li class=\"wp-block-post post-1245 post type-post status-publish format-standard has-post-thumbnail hentry category-information-generale category-les-chartreux-croix-rousse-toutes-les-ecoles category-les-chartreux-saint-charles-college category-les-chartreux-saint-joseph-toutes-les-ecoles category-les-chartreux-saint-romain-toutes-les-ecoles category-les-chartreux-sainte-blandine-toutes-les-ecoles category-les-chartreux-sainte-famille-toutes-les-ecoles tag-assemblee-generale-ordinaire tag-communication tag-croix-rousse tag-evenement tag-institution-des-chartreux\">\n<h3 class=\"wp-block-post-title has-large-font-size\">Assembl\u00e9e G\u00e9n\u00e9rale de l\u2019APEL mardi 1er octobre \u00e0 19h00<\/h3>\n\n<div class=\"wp-block-post-date has-small-font-size\"><time datetime=\"2024-09-18T09:31:08+02:00\">18 septembre 2024<\/time><\/div>\n\n<div class=\"wp-block-post-excerpt has-small-font-size\"><p class=\"wp-block-post-excerpt__excerpt\">Chers parents, Nous avons le plaisir de vous convier \u00e0&nbsp;l&rsquo;Assembl\u00e9e&nbsp;G\u00e9n\u00e9rale&nbsp;Ordinaire de&nbsp;l\u2019Association des Parents d\u2019El\u00e8ves &#8211; APEL DES CHARTREUX,&nbsp;qui se tiendra le&nbsp;: Mardi 01er&nbsp;octobre 2024 \u00e0 19H00 Campus Sup Alta Sacr\u00e9-C\u0153ur des Chartreux 38 rue Pierre Dupont \u2013 Lyon 1er&nbsp; (Parking voiture sur la cour des primaires impasse des Chartreux) Ordre du jour&nbsp;: Cette assembl\u00e9e sera<\/p><p class=\"wp-block-post-excerpt__more-text\"><a class=\"wp-block-post-excerpt__more-link\" href=\"https:\/\/www.apel-chartreux.fr\/index.php\/2024\/09\/18\/assemblee-generale-de-lapel-mardi-1er-octobre-a-19h00\/\">Article complet<\/a><\/p><\/div>\n<\/li><li class=\"wp-block-post post-1226 post type-post status-publish format-standard has-post-thumbnail hentry category-les-chartreux-saint-charles-college tag-evenement tag-institution-des-chartreux\">\n<h3 class=\"wp-block-post-title has-large-font-size\">Randonn\u00e9e des familles du coll\u00e8ge Les Chartreux Saint-Charles<\/h3>\n\n<div class=\"wp-block-post-date has-small-font-size\"><time datetime=\"2023-12-04T10:10:00+01:00\">4 d\u00e9cembre 2023<\/time><\/div>\n\n<div class=\"wp-block-post-excerpt has-small-font-size\"><p class=\"wp-block-post-excerpt__excerpt\">Samedi 18 novembre dernier a eu lieu la premi\u00e8re randonn\u00e9e des familles du coll\u00e8ge Les Chartreux Saint-Charles, propos\u00e9e par l\u2019Apel, \u00e0 Saint-Didier au Mont d\u2019Or. L\u2019occasion pour les 50 participants de r\u00e9aliser une tr\u00e8s jolie promenade en for\u00eat, de faire connaissance et de partager un temps convivial, au milieu d\u2019une nature particuli\u00e8rement belle en cette<\/p><p class=\"wp-block-post-excerpt__more-text\"><a class=\"wp-block-post-excerpt__more-link\" href=\"https:\/\/www.apel-chartreux.fr\/index.php\/2023\/12\/04\/randonnee-des-familles-du-college-les-chartreux-saint-charles\/\">Article complet<\/a><\/p><\/div>\n<\/li><\/ul>\n\n<nav class=\"wp-block-query-pagination is-layout-flex wp-block-query-pagination-is-layout-flex\" aria-label=\"Pagination\">\n\n\n<div class=\"wp-block-query-pagination-numbers\"><span aria-current=\"page\" class=\"page-numbers current\">1<\/span>\n<a class=\"page-numbers\" href=\"?query-26-page=2\">2<\/a><\/div>\n\n<a href=\"\/index.php\/wp-json\/wp\/v2\/pages\/511?query-26-page=2\" class=\"wp-block-query-pagination-next\">Page suivante<\/a>\n<\/nav>\n\n<\/div>\n\n\n\n<h2 class=\"wp-block-heading\">Informations compl\u00e9mentaires<\/h2>\n\n\n\n<h3 class=\"wp-block-heading\">Vos contacts<\/h3>\n\n\n\n<p><a href=\".\/vos-contacts#Commission-Saint-Charles-College\" data-type=\"URL\" data-id=\"vos-contacts#Commission-Croix-Rousse-Ecole\" target=\"_blank\" rel=\"noreferrer noopener\">#Commission-Saint-Charles-College<\/a><\/p>\n\n\n\n<h3 class=\"wp-block-heading\">Le site de l&rsquo;institution<\/h3>\n\n\n\n<p><a href=\"https:\/\/www.leschartreux.com\/nos-colleges\/chartreux-saint-charles\">https:\/\/www.leschartreux.com\/nos-colleges\/chartreux-saint-charles<\/a><\/p>\n\n\n\n<div style=\"height:50px\" aria-hidden=\"true\" class=\"wp-block-spacer\"><\/div>\n","protected":false},"excerpt":{"rendered":"<p>Les informations g\u00e9n\u00e9rales Coll\u00e8ge Informations compl\u00e9mentaires Vos contacts #Commission-Saint-Charles-College Le site de l&rsquo;institution https:\/\/www.leschartreux.com\/nos-colleges\/chartreux-saint-charles<\/p>\n","protected":false},"author":3,"featured_media":516,"parent":0,"menu_order":0,"comment_status":"closed","ping_status":"closed","template":"","meta":{"footnotes":""},"class_list":["post-511","page","type-page","status-publish","has-post-thumbnail","hentry"],"_links":{"self":[{"href":"https:\/\/www.apel-chartreux.fr\/index.php\/wp-json\/wp\/v2\/pages\/511","targetHints":{"allow":["GET"]}}],"collection":[{"href":"https:\/\/www.apel-chartreux.fr\/index.php\/wp-json\/wp\/v2\/pages"}],"about":[{"href":"https:\/\/www.apel-chartreux.fr\/index.php\/wp-json\/wp\/v2\/types\/page"}],"author":[{"embeddable":true,"href":"https:\/\/www.apel-chartreux.fr\/index.php\/wp-json\/wp\/v2\/users\/3"}],"replies":[{"embeddable":true,"href":"https:\/\/www.apel-chartreux.fr\/index.php\/wp-json\/wp\/v2\/comments?post=511"}],"version-history":[{"count":12,"href":"https:\/\/www.apel-chartreux.fr\/index.php\/wp-json\/wp\/v2\/pages\/511\/revisions"}],"predecessor-version":[{"id":842,"href":"https:\/\/www.apel-chartreux.fr\/index.php\/wp-json\/wp\/v2\/pages\/511\/revisions\/842"}],"wp:featuredmedia":[{"embeddable":true,"href":"https:\/\/www.apel-chartreux.fr\/index.php\/wp-json\/wp\/v2\/media\/516"}],"wp:attachment":[{"href":"https:\/\/www.apel-chartreux.fr\/index.php\/wp-json\/wp\/v2\/media?parent=511"}],"curies":[{"name":"wp","href":"https:\/\/api.w.org\/{rel}","templated":true}]}}